{"id":2213,"date":"2020-01-20T13:13:53","date_gmt":"2020-01-20T11:13:53","guid":{"rendered":"http:\/\/gsvp.studio\/?page_id=2213"},"modified":"2020-01-20T18:39:41","modified_gmt":"2020-01-20T16:39:41","slug":"glosy-zenskie","status":"publish","type":"page","link":"https:\/\/gsvp.studio\/en\/glosy-zenskie\/","title":{"rendered":"G\u0142osy \u017ce\u0144skie"},"content":{"rendered":"<p style=\"text-align: right;\"><a href=\"https:\/\/gsvp.studio\/glosy-dzieciece\/\" class=\"su-button su-button-style-soft\" style=\"color:#FFFFFF;background-color:#006ce3;border-color:#0057b6;border-radius:5px;-moz-border-radius:5px;-webkit-border-radius:5px\" target=\"_self\"><span style=\"color:#FFFFFF;padding:7px 20px;font-size:16px;line-height:24px;border-color:#4d99ec;border-radius:5px;-moz-border-radius:5px;-webkit-border-radius:5px;text-shadow:none;-moz-text-shadow:none;-webkit-text-shadow:none\"><img decoding=\"async\" src=\"http:\/\/gsvp.studio\/wp-content\/uploads\/2019\/08\/28.png\" alt=\"G\u0142osy dzieci\u0119ce\" style=\"width:24px;height:24px\" \/> G\u0142osy dzieci\u0119ce<\/span><\/a> <a href=\"https:\/\/gsvp.studio\/polish\/\" class=\"su-button su-button-style-soft\" style=\"color:#FFFFFF;background-color:#006ce3;border-color:#0057b6;border-radius:5px;-moz-border-radius:5px;-webkit-border-radius:5px\" target=\"_self\"><span style=\"color:#FFFFFF;padding:7px 20px;font-size:16px;line-height:24px;border-color:#4d99ec;border-radius:5px;-moz-border-radius:5px;-webkit-border-radius:5px;text-shadow:none;-moz-text-shadow:none;-webkit-text-shadow:none\"><img decoding=\"async\" src=\"http:\/\/gsvp.studio\/wp-content\/uploads\/2019\/08\/28.png\" alt=\"G\u0142osy m\u0119skie\" style=\"width:24px;height:24px\" \/> G\u0142osy m\u0119skie<\/span><\/a>\n\n\n<p class=\"has-text-align-center\"><div id=\"audioigniter-2225\" class=\"audioigniter-root\" data-player-type=\"full\" data-tracks-url=\"https:\/\/gsvp.studio\/en\/?audioigniter_playlist_id=2225\" data-display-track-no=\"true\" data-reverse-track-order=\"false\" data-display-tracklist-covers=\"false\" data-display-active-cover=\"true\" data-display-artist-names=\"true\" data-display-buy-buttons=\"true\" data-buy-buttons-target=\"true\" data-cycle-tracks=\"false\" data-display-credits=\"false\" data-display-tracklist=\"true\" data-allow-tracklist-toggle=\"true\" data-allow-tracklist-loop=\"true\" data-limit-tracklist-height=\"true\" data-volume=\"100\" data-tracklist-height=\"500\" ><\/div>\n","protected":false},"excerpt":{"rendered":"","protected":false},"author":1,"featured_media":0,"parent":0,"menu_order":0,"comment_status":"closed","ping_status":"closed","template":"","meta":{"footnotes":""},"class_list":["post-2213","page","type-page","status-publish","hentry"],"translation":{"provider":"WPGlobus","version":"2.10.3","language":"en","enabled_languages":["uk","en"],"languages":{"uk":{"title":true,"content":true,"excerpt":false},"en":{"title":false,"content":false,"excerpt":false}}},"_links":{"self":[{"href":"https:\/\/gsvp.studio\/en\/wp-json\/wp\/v2\/pages\/2213","targetHints":{"allow":["GET"]}}],"collection":[{"href":"https:\/\/gsvp.studio\/en\/wp-json\/wp\/v2\/pages"}],"about":[{"href":"https:\/\/gsvp.studio\/en\/wp-json\/wp\/v2\/types\/page"}],"author":[{"embeddable":true,"href":"https:\/\/gsvp.studio\/en\/wp-json\/wp\/v2\/users\/1"}],"replies":[{"embeddable":true,"href":"https:\/\/gsvp.studio\/en\/wp-json\/wp\/v2\/comments?post=2213"}],"version-history":[{"count":3,"href":"https:\/\/gsvp.studio\/en\/wp-json\/wp\/v2\/pages\/2213\/revisions"}],"predecessor-version":[{"id":2241,"href":"https:\/\/gsvp.studio\/en\/wp-json\/wp\/v2\/pages\/2213\/revisions\/2241"}],"wp:attachment":[{"href":"https:\/\/gsvp.studio\/en\/wp-json\/wp\/v2\/media?parent=2213"}],"curies":[{"name":"wp","href":"https:\/\/api.w.org\/{rel}","templated":true}]}}